{"id":112,"date":"2014-02-17T17:19:07","date_gmt":"2014-02-17T17:19:07","guid":{"rendered":"http:\/\/sonja-bagge.de\/?page_id=112"},"modified":"2025-11-12T10:37:54","modified_gmt":"2025-11-12T10:37:54","slug":"anamnese","status":"publish","type":"page","link":"https:\/\/sonja-bagge.de\/?page_id=112","title":{"rendered":"Diagnostik"},"content":{"rendered":"\n<p class=\"has-black-color has-text-color\">Im Rahmen der Anamnese (Aufnahmegespr\u00e4ch) befrage ich Sie zu Ihrer\u00a0 Krankheitsgeschichte, zu eventuell bereits bestehenden Diagnosen und den aktuellen Beschwerden.<\/p>\n\n\n\n<p class=\"has-black-color has-text-color\">Falls Sie wegen Schmerzen kommen, findet eine k\u00f6rperliche Untersuchung statt, bei der ich mir ein eigenes Bild Ihrer Beschwerden mache. Bestehende R\u00f6ntgenbilder, CT- oder MRT- Aufnahmen k\u00f6nnen gerne mitgebracht werden.<\/p>\n\n\n\n<p class=\"has-black-color has-text-color\">Im Rahmen der Erstanamnese wird ein auf Sie zugeschnittenes Behandlungskonzept erstellt, das die Grundlage f\u00fcr die weitere Behandlung bildet.<strong> <\/strong><br><\/p>\n\n\n\n<div class=\"wp-block-image is-style-rounded\"><figure class=\"alignright size-large is-resized\"><img loading=\"lazy\" decoding=\"async\" src=\"https:\/\/sonja-bagge.de\/wp-content\/uploads\/2020\/08\/II.-Sonja-2li-1024x1002.jpg\" alt=\"\" class=\"wp-image-344\" width=\"338\" height=\"333\"\/><figcaption>Bildnachweis (4-0)<\/figcaption><\/figure><\/div>\n\n\n\n<h2 class=\"has-medium-font-size wp-block-heading\">Diagnosemethoden (Auswahl)<\/h2>\n\n\n\n<h2 class=\"has-normal-font-size wp-block-heading\"><br><strong>Augendiagnose<\/strong><\/h2>\n\n\n\n<p class=\"has-black-color has-text-color\">Bei der Augendiagnose (Iridologie) werden die Strukturen der Iris sowie der zugeh\u00f6rigen Reflexzonen am Auge analysiert, um Krankheiten zu erkennen. Es handelt sich um eine Hinweisdiagnostik, bei der R\u00fcckschl\u00fcsse auf die konstitutionelle Krankheitsneigung, manifeste Erkrankungen, m\u00f6gliche Organbefunde sowie den aktuellen Ern\u00e4hrungszustand des K\u00f6rpers gezogen werden k\u00f6nnen. Auch anlagebedingte, m\u00f6gliche Krankheitsneigungen sind durch Augendiagnose erkennbar.<\/p>\n\n\n\n<p class=\"has-black-color has-text-color\"><a href=\"https:\/\/sonja-bagge.de\/?page_id=654\" data-type=\"page\" data-id=\"654\">Augendiagnose<\/a><br><\/p>\n\n\n\n<p><\/p>\n\n\n\n<h3 class=\"has-normal-font-size wp-block-heading\">Dunkelfeld-Mikroskopie<\/h3>\n\n\n\n<p class=\"has-black-color has-text-color\">Bei der Dunkelfeldmikroskopie wird ein Tropfen lebendigen Blutes unter dem Spezialmikroskop betrachtet. Im Gegensatz zur herk\u00f6mmlichen Labordiagnostik zeigt diese Methode dynamische Prozesse im Blutbild und gibt Hinweise auf innere Belastungen wie z.\u202fB. \u00dcbers\u00e4uerung, Schwermetalle, Darmmilieu, Immunlage oder oxidative Stressreaktionen. Sie eignet sich besonders zur Fr\u00fcherkennung von Regulationsst\u00f6rungen und als begleitendes Verfahren in der ganzheitlichen Therapie.<\/p>\n\n\n\n<p class=\"has-black-color has-text-color\"><a href=\"https:\/\/sonja-bagge.de\/?page_id=629\" data-type=\"page\" data-id=\"629\">Dunkelfelddiagnostik<\/a><\/p>\n\n\n\n<p><\/p>\n\n\n\n<h3 class=\"wp-block-heading\">Labordiagnostik<\/h3>\n\n\n\n<p>Zur ganzheitlichen Einsch\u00e4tzung Ihres Gesundheitszustandes nutze ich gezielte Labordiagnostik. Besonders wichtig ist hierbei die Analyse Ihrer Mikron\u00e4hrstoffversorgung (z.\u202fB. Vitamine, Mineralstoffe, Spurenelemente) sowie von m\u00f6glichen Belastungen durch Umweltgifte oder Schwermetalle.<\/p>\n\n\n\n<p>Ein bew\u00e4hrtes Verfahren ist dabei die <strong>Haarmineralanalyse<\/strong>, mit der sich langfristige Speicherwerte und toxische Belastungen im Gewebe erkennen lassen. Erg\u00e4nzend kommen <strong>Vollblutanalysen<\/strong> zum Einsatz, die ein differenziertes Bild aktueller Vitalstoffm\u00e4ngel liefern \u2013 eine wichtige Grundlage f\u00fcr eine individualisierte Therapie im Sinne der Funktionellen Medizin. <\/p>\n\n\n\n<p><a href=\"https:\/\/sonja-bagge.de\/?page_id=684\" data-type=\"page\" data-id=\"684\">Labordiagnostik<\/a><\/p>\n","protected":false},"excerpt":{"rendered":"<div class=\"slide-text-bg2\"><span>Im Rahmen der Anamnese (Aufnahmegespr\u00e4ch) befrage ich Sie zu Ihrer\u00a0 Krankheitsgeschichte, zu eventuell bereits bestehenden Diagnosen und den aktuellen Be<\/span><\/div>\n<div class=\"slide-btn-area-sm\"><a href=\"https:\/\/sonja-bagge.de\/?page_id=112\" class=\"slide-btn-sm\">weiterlesen<\/a><\/div>\n","protected":false},"author":1,"featured_media":0,"parent":8,"menu_order":10,"comment_status":"closed","ping_status":"closed","template":"","meta":{"footnotes":""},"class_list":["post-112","page","type-page","status-publish","hentry"],"_links":{"self":[{"href":"https:\/\/sonja-bagge.de\/index.php?rest_route=\/wp\/v2\/pages\/112","targetHints":{"allow":["GET"]}}],"collection":[{"href":"https:\/\/sonja-bagge.de\/index.php?rest_route=\/wp\/v2\/pages"}],"about":[{"href":"https:\/\/sonja-bagge.de\/index.php?rest_route=\/wp\/v2\/types\/page"}],"author":[{"embeddable":true,"href":"https:\/\/sonja-bagge.de\/index.php?rest_route=\/wp\/v2\/users\/1"}],"replies":[{"embeddable":true,"href":"https:\/\/sonja-bagge.de\/index.php?rest_route=%2Fwp%2Fv2%2Fcomments&post=112"}],"version-history":[{"count":10,"href":"https:\/\/sonja-bagge.de\/index.php?rest_route=\/wp\/v2\/pages\/112\/revisions"}],"predecessor-version":[{"id":689,"href":"https:\/\/sonja-bagge.de\/index.php?rest_route=\/wp\/v2\/pages\/112\/revisions\/689"}],"up":[{"embeddable":true,"href":"https:\/\/sonja-bagge.de\/index.php?rest_route=\/wp\/v2\/pages\/8"}],"wp:attachment":[{"href":"https:\/\/sonja-bagge.de\/index.php?rest_route=%2Fwp%2Fv2%2Fmedia&parent=112"}],"curies":[{"name":"wp","href":"https:\/\/api.w.org\/{rel}","templated":true}]}}