{"id":116,"date":"2014-02-17T17:23:31","date_gmt":"2014-02-17T17:23:31","guid":{"rendered":"http:\/\/sonja-bagge.de\/?page_id=116"},"modified":"2020-08-28T08:49:38","modified_gmt":"2020-08-28T08:49:38","slug":"pflanzenheilkunde","status":"publish","type":"page","link":"https:\/\/sonja-bagge.de\/?page_id=116","title":{"rendered":"Pflanzenheilkunde"},"content":{"rendered":"\n<p class=\"has-black-color has-text-color\">Der Einsatz von Heilpflanzen ist weltweit verbreitet und so alt wie die Menschheit: Pflanzen wurden und werden sowohl als Nahrungsmittel als auch Heilmittel von den Menschen genutzt und gezielt eingesetzt. Die Anwendung von Heilpflanzen bei Krankheitszust\u00e4nden ist auch in unserem Kulturkreis eine der \u00e4ltesten Formen medizinischer Behandlung. <\/p>\n\n\n\n<div class=\"wp-block-image\"><figure class=\"alignleft size-medium\"><img loading=\"lazy\" decoding=\"async\" width=\"300\" height=\"225\" src=\"https:\/\/sonja-bagge.de\/wp-content\/uploads\/2020\/08\/1280px-Passionsblume-300x225.jpg\" alt=\"\" class=\"wp-image-361\" srcset=\"https:\/\/sonja-bagge.de\/wp-content\/uploads\/2020\/08\/1280px-Passionsblume-300x225.jpg 300w, https:\/\/sonja-bagge.de\/wp-content\/uploads\/2020\/08\/1280px-Passionsblume-1024x768.jpg 1024w, https:\/\/sonja-bagge.de\/wp-content\/uploads\/2020\/08\/1280px-Passionsblume-768x576.jpg 768w, https:\/\/sonja-bagge.de\/wp-content\/uploads\/2020\/08\/1280px-Passionsblume.jpg 1280w\" sizes=\"auto, (max-width: 300px) 100vw, 300px\" \/><\/figure><\/div>\n\n\n\n<p class=\"has-black-color has-text-color\">Die Anwendung von Heilpflanzen kann als Tinktur, Teerezept, Salben, Pr\u00e4parat o.\u00e4. erfolgen.<\/p>\n\n\n\n<p class=\"has-black-color has-text-color\">Akute und chronische Krankheiten k\u00f6nnen mit Heilpflanzen behandelt werden. Auch dem Entstehen von Krankheiten kann mit der Anwendung von Heilpflanzen vorgebeugt werden.<\/p>\n\n\n\n<div class=\"wp-block-image\"><figure class=\"alignright size-large is-resized\"><img loading=\"lazy\" decoding=\"async\" src=\"https:\/\/sonja-bagge.de\/wp-content\/uploads\/2020\/08\/yarrow-2555356_640.jpg\" alt=\"yarrow 2555356 640\" class=\"wp-image-563\" width=\"320\" height=\"213\" srcset=\"https:\/\/sonja-bagge.de\/wp-content\/uploads\/2020\/08\/yarrow-2555356_640.jpg 640w, https:\/\/sonja-bagge.de\/wp-content\/uploads\/2020\/08\/yarrow-2555356_640-300x200.jpg 300w\" sizes=\"auto, (max-width: 320px) 100vw, 320px\" \/><\/figure><\/div>\n\n\n\n<p class=\"has-black-color has-text-color\">Heilpflanzen k\u00f6nnen neben einer gesunden und bewussten Ern\u00e4hrung eingesetzt werden um den K\u00f6rper und das Wohlbefinden gesund zu erhalten. Somit eignet sich die Pflanzenheilkunde nicht nur zur Behandlung verschiedenster Symptome und Krankheiten, sondern kann auch zum nachhaltigem Erhalt der Gesundheit wunderbar genutzt werden.<\/p>\n\n\n\n<p class=\"has-black-color has-text-color\">Die Basis einer Behandlung mit Heilpflanzen bildet meist ein individuelles Teerezept, das mit Hilfe der Augendiagnose erstellt wird. Dies ber\u00fccksichtigt sowohl die aktuellen Symptome als auch den Menschen in seiner k\u00f6rperlichen, geistigem und seelischen Ganzheit. Die individuellen Tee-Rezepte bestehen aus einer Kombination von 8 bis 12 Heilpflanzen, die eine sanfte und gezielte Wirkung erm\u00f6glichen.<br><br><\/p>\n\n\n\n<p class=\"has-black-color has-text-color has-medium-font-size\" id=\"Anwendungsbereich-Pflanzen\"><strong>Anwendungsbereiche<\/strong> <strong>(Auswahl)<\/strong>:<\/p>\n\n\n\n<div class=\"wp-block-image\"><figure class=\"alignright size-medium\"><img loading=\"lazy\" decoding=\"async\" width=\"300\" height=\"231\" src=\"https:\/\/sonja-bagge.de\/wp-content\/uploads\/2020\/08\/Cornflowers_Centaurea_cyanus_New_Holland_North_Lincolnshire-300x231.jpg\" alt=\"\" class=\"wp-image-360\" srcset=\"https:\/\/sonja-bagge.de\/wp-content\/uploads\/2020\/08\/Cornflowers_Centaurea_cyanus_New_Holland_North_Lincolnshire-300x231.jpg 300w, https:\/\/sonja-bagge.de\/wp-content\/uploads\/2020\/08\/Cornflowers_Centaurea_cyanus_New_Holland_North_Lincolnshire-1024x788.jpg 1024w, https:\/\/sonja-bagge.de\/wp-content\/uploads\/2020\/08\/Cornflowers_Centaurea_cyanus_New_Holland_North_Lincolnshire-768x591.jpg 768w, https:\/\/sonja-bagge.de\/wp-content\/uploads\/2020\/08\/Cornflowers_Centaurea_cyanus_New_Holland_North_Lincolnshire-1536x1182.jpg 1536w, https:\/\/sonja-bagge.de\/wp-content\/uploads\/2020\/08\/Cornflowers_Centaurea_cyanus_New_Holland_North_Lincolnshire.jpg 2048w\" sizes=\"auto, (max-width: 300px) 100vw, 300px\" \/><figcaption><br><\/figcaption><\/figure><\/div>\n\n\n\n<p class=\"has-black-color has-text-color\">\u2022 Erk\u00e4ltungen <br>\u2022 Atemwegserkrankungen<br>\u2022 Herz\u00ad-Kreislauf-\u00adErkrank\u00adungen<br>\u2022 Blutdruck: erh\u00f6ht oder niedrig<br>\u2022 Verdauungsbeschwerden, <br>\u2022 Magenschmerzen<br>\u2022 er\u00adh\u00f6hte Leberwerte<br>\u2022 Cholesterinspiegel<br>\u2022 St\u00e4rkung der k\u00f6rpereigenen Abwehr<br>\u2022 Aufbau des Immunsystems<br>\u2022 Menstruationsbe\u00adschwerden<br>\u2022 Wechseljahresbe\u00adschwerden <br>\u2022 Blasen\u00ad und Nierenbeschwerden<br>\u2022 Hauterkrankungen<br>\u2022 Burn\u00ad-Out und Ersch\u00f6pfung (Fatigue-Syndrom)<br>\u2022 u.v.m.<\/p>\n","protected":false},"excerpt":{"rendered":"<div class=\"slide-text-bg2\"><span>Der Einsatz von Heilpflanzen ist weltweit verbreitet und so alt wie die Menschheit: Pflanzen wurden und werden sowohl als Nahrungsmittel als auch Heilmitte<\/span><\/div>\n<div class=\"slide-btn-area-sm\"><a href=\"https:\/\/sonja-bagge.de\/?page_id=116\" class=\"slide-btn-sm\">weiterlesen<\/a><\/div>\n","protected":false},"author":1,"featured_media":0,"parent":8,"menu_order":30,"comment_status":"closed","ping_status":"closed","template":"","meta":{"footnotes":""},"class_list":["post-116","page","type-page","status-publish","hentry"],"_links":{"self":[{"href":"https:\/\/sonja-bagge.de\/index.php?rest_route=\/wp\/v2\/pages\/116","targetHints":{"allow":["GET"]}}],"collection":[{"href":"https:\/\/sonja-bagge.de\/index.php?rest_route=\/wp\/v2\/pages"}],"about":[{"href":"https:\/\/sonja-bagge.de\/index.php?rest_route=\/wp\/v2\/types\/page"}],"author":[{"embeddable":true,"href":"https:\/\/sonja-bagge.de\/index.php?rest_route=\/wp\/v2\/users\/1"}],"replies":[{"embeddable":true,"href":"https:\/\/sonja-bagge.de\/index.php?rest_route=%2Fwp%2Fv2%2Fcomments&post=116"}],"version-history":[{"count":9,"href":"https:\/\/sonja-bagge.de\/index.php?rest_route=\/wp\/v2\/pages\/116\/revisions"}],"predecessor-version":[{"id":565,"href":"https:\/\/sonja-bagge.de\/index.php?rest_route=\/wp\/v2\/pages\/116\/revisions\/565"}],"up":[{"embeddable":true,"href":"https:\/\/sonja-bagge.de\/index.php?rest_route=\/wp\/v2\/pages\/8"}],"wp:attachment":[{"href":"https:\/\/sonja-bagge.de\/index.php?rest_route=%2Fwp%2Fv2%2Fmedia&parent=116"}],"curies":[{"name":"wp","href":"https:\/\/api.w.org\/{rel}","templated":true}]}}