{"id":120,"date":"2014-02-17T17:26:25","date_gmt":"2014-02-17T17:26:25","guid":{"rendered":"http:\/\/sonja-bagge.de\/?page_id=120"},"modified":"2020-08-27T18:15:42","modified_gmt":"2020-08-27T18:15:42","slug":"behandlung-von-schmerzzustanden-2","status":"publish","type":"page","link":"https:\/\/sonja-bagge.de\/?page_id=120","title":{"rendered":"Behandlung von Schmerzzust\u00e4nden"},"content":{"rendered":"\n<p class=\"has-black-color has-text-color\">Die medikamentenfreie Behandlung von R\u00fccken- und Gelenkschmerzen erfolgt in meiner Praxis mit bew\u00e4hrten Methoden der westlichen und chinesischen Medizin sowie der Osteopathie.<\/p>\n\n\n\n<div class=\"wp-block-image\"><figure class=\"alignright size-large\"><img loading=\"lazy\" decoding=\"async\" width=\"300\" height=\"211\" src=\"https:\/\/sonja-bagge.de\/wp-content\/uploads\/2020\/08\/back-5163495_640-e1598474770932.jpg\" alt=\"\" class=\"wp-image-393\"\/><\/figure><\/div>\n\n\n\n<p class=\"has-black-color has-text-color\">In den meisten F\u00e4llen liegen den Schmerzen Blockaden im Bereich des Beckens oder der Wirbels\u00e4ule zu Grunde, und\/oder es liegen alte Verletzungen in der Muskulatur vor.<\/p>\n\n\n\n<p class=\"has-black-color has-text-color\">Das Ziel der Behandlung ist immer, Schmerzen m\u00f6glichst effizient, schnell und nachhaltig zu beseitigen.&nbsp;<\/p>\n\n\n\n<p class=\"has-black-color has-text-color\">Da in den meisten F\u00e4llen Schmerzen (auch) muskul\u00e4r bedingt sind, wird zun\u00e4chst die Statik gepr\u00fcft und Beinl\u00e4ngendifferenzen und Fehlstellungen im Bereich der Gelenke werden korrigert.<\/p>\n\n\n\n<p class=\"has-black-color has-text-color\">Bei akuten oder chronischen Schmerzen kann auch die Neuraltherapie Anwendung finden. Bestehen die Schmerzen aufgrund einer Grunderkrankung wie Rheuma, Borreliose, starkem \u00dcbergewicht, o.\u00e4., kann eine zus\u00e4tzliche Behandlung mit Heilpflanzen sinnvoll sein.<\/p>\n\n\n\n<p class=\"has-black-color has-text-color\"><br>Nach einer ausf\u00fchrlichen Anamnese und einer k\u00f6rperlichen Untersuchung entscheide ich mit Ihnen gemeinsam die entsprechende Behandlungsform.<\/p>\n\n\n\n<p class=\"has-black-color has-text-color\"><br><br><strong>Methoden (Auswahl):<\/strong><\/p>\n\n\n\n<div class=\"wp-block-image\"><figure class=\"alignright\"><a href=\"https:\/\/sonja-bagge.de\/wp-content\/uploads\/2020\/08\/meditaping_ruecken.jpg\"><img loading=\"lazy\" decoding=\"async\" width=\"300\" height=\"200\" src=\"https:\/\/sonja-bagge.de\/wp-content\/uploads\/2020\/08\/meditaping_ruecken-300x200.jpg\" alt=\"\" class=\"wp-image-354\" srcset=\"https:\/\/sonja-bagge.de\/wp-content\/uploads\/2020\/08\/meditaping_ruecken-300x200.jpg 300w, https:\/\/sonja-bagge.de\/wp-content\/uploads\/2020\/08\/meditaping_ruecken-1024x683.jpg 1024w, https:\/\/sonja-bagge.de\/wp-content\/uploads\/2020\/08\/meditaping_ruecken-768x512.jpg 768w, https:\/\/sonja-bagge.de\/wp-content\/uploads\/2020\/08\/meditaping_ruecken.jpg 1200w\" sizes=\"auto, (max-width: 300px) 100vw, 300px\" \/><\/a><\/figure><\/div>\n\n\n\n<p class=\"has-black-color has-text-color\"><strong>Medi-Taping<br><\/strong><br>Medi-Taping wird bei akuten und chronischen Schmerzen im Bewegungsapparat angewandt. Nach einer Anamnese wird zun\u00e4chst die Statik gepr\u00fcft und evtl. Beinl\u00e4ngendifferenzen korrigiert, da Schmerzen im Bewegungsapparat h\u00e4ufig mit Fehlstellungen in der Statik einhergehen. In den indizierten Bereichen werden anschliessend die medizinischen Tapes&nbsp;&nbsp;&nbsp; (\u201eKlebeb\u00e4nder\u201c) angebracht. Diese wirken schmerzlindernd, bewirken bei jeder Bewegung eine Massage der betroffenen K\u00f6rperteile und wirken &#8211; \u00e4hnlich wie die Akupunktur- energetisch auf das Nervensystem. Die Tapes verbleiben bis zu einer oder zwei Wochen auf der Haut und k\u00f6nnen so ihre Wirkung langsfristig entfalten.<\/p>\n\n\n\n<p class=\"has-black-color has-text-color\"><strong>Dorn-Methode: <\/strong>Die sanfte Wirbels\u00e4ulentherapie nach Dieter Dorn<\/p>\n\n\n\n<div class=\"wp-block-image\"><figure class=\"alignright size-medium is-resized\"><a href=\"https:\/\/sonja-bagge.de\/wp-content\/uploads\/2020\/08\/spine-957249_1920.png\"><img loading=\"lazy\" decoding=\"async\" src=\"https:\/\/sonja-bagge.de\/wp-content\/uploads\/2020\/08\/256px-Spine_-_Vertebral_column_3_-_Smart-Servier-56x300.png\" alt=\"\" class=\"wp-image-390\" width=\"70\" height=\"400\"\/><\/a><\/figure><\/div>\n\n\n\n<p class=\"has-black-color has-text-color\">Ziel der Dorn-Therapie ist das L\u00f6sen von Fehlstellungen oder Blockaden im Bereich des Beckens, der Wirbels\u00e4ule und den angrenzenden Gelenken. Bei R\u00fcckenschmerzen sind in der Regel Blockaden oder Verschiebungen in diesen Bereichen festzustellen. Zu Beginn der Behandlung wird die Beinl\u00e4nge \u00fcberpr\u00fcft und evtl. korrigiert. Anschlie\u00dfend werden die Positionen der Beckenknochen, des Kreuzbeins und der Wirbel \u00fcberpr\u00fcft und bei vorhandenen Blockaden sanft gel\u00f6st: durch die Aktivit\u00e4t der k\u00f6rpereigenen Muskulatur. Ohne Rucken und Knacken werden Fehlstellungen im Becken etc. gel\u00f6st, sanft gleitet der zuvor blokierte Wirbel in seine urspr\u00fcngliche Position.<\/p>\n\n\n\n<p class=\"has-black-color has-text-color\">Da Wirbelblockaden nicht nur Schmerzen verursachen, sondern auch Nervenimpulse st\u00f6ren k\u00f6nnen, kann die Dorn-Methode auch bei anderen gesundheitlichen Problemen helfen.<\/p>\n\n\n\n<p class=\"has-black-color has-text-color\"><strong>Akupunktur<\/strong><\/p>\n\n\n\n<div class=\"wp-block-image\"><figure class=\"alignright is-resized\"><a href=\"https:\/\/sonja-bagge.de\/wp-content\/uploads\/2020\/08\/acupuncture-4175624_640.jpg\"><img loading=\"lazy\" decoding=\"async\" src=\"https:\/\/sonja-bagge.de\/wp-content\/uploads\/2020\/08\/acupuncture-4175624_640-300x200.jpg\" alt=\"\" class=\"wp-image-363\" width=\"235\" height=\"157\" srcset=\"https:\/\/sonja-bagge.de\/wp-content\/uploads\/2020\/08\/acupuncture-4175624_640-300x200.jpg 300w, https:\/\/sonja-bagge.de\/wp-content\/uploads\/2020\/08\/acupuncture-4175624_640.jpg 640w\" sizes=\"auto, (max-width: 235px) 100vw, 235px\" \/><\/a><\/figure><\/div>\n\n\n\n<p class=\"has-black-color has-text-color\">Die Akupunktur stammt aus der Chinesischen Medizin und findet auch bei uns immer mehr Verbreitung. Entlang der Meridiane, der Energiebahnen in unserem K\u00f6rper, gibt es die Akupunkturpunkte, die mit sehr d\u00fcnnen Nadeln stimuliert werden. Die Akupunktur findet Anwendung bei akuten und chronischen Krankheiten und Schmerzzust\u00e4nden. In bestimmten Situationen z.B. Pr\u00fcfungsstress, Nikotinentw\u00f6hnung oder Schmerzen k\u00f6nnen Dauernadeln sinnvoll sein.<\/p>\n\n\n\n<h4 class=\"has-black-color has-text-color has-normal-font-size wp-block-heading\">Neuraltherapie<\/h4>\n\n\n\n<p class=\"has-black-color has-text-color\">Durch punktgenaue Injektionen von Prokain, DMSO oder auch Traumeel werden Trigger\u00adpunkte oder lokale Schmerzpunkte effektiv behandelt, wenn durch starke Schmerzen schnelle Hilfe notwenig ist. Meistensist dadurch ein  Behandlungserfolg beschleunigen oder intensiviert.<\/p>\n\n\n\n<p><br><\/p>\n\n\n\n<p class=\"has-black-color has-text-color\" id=\"Schmerzzust\u00e4nde-behandelbar\"><strong>Folgende Schmerzzust\u00e4nde sind in meiner Praxis behandelbar:<\/strong><br><br>\u2022 Sprunggelenk<br>\u2022 Achillessehne<br>\u2022 Knie<br>\u2022 H\u00fcfte<br>\u2022 Becken und ISG<br>\u2022 Ischias<br>\u2022 Lendenwirbels\u00e4ule (LWS)<br>\u2022 Brustwirbels\u00e4ule (BWS)<br>\u2022 Halswirbels\u00e4ule (HWS)<br>\u2022 Kopfschmerzen \/ Migr\u00e4ne<br>\u2022 Tinnitus<br>\u2022 Bandscheibenvorfall<br>\u2022 Arthrose<br>\u2022 Skoliose<br>\u2022 Schulter<br>\u2022 Tennis-Ellenbogen<br>\u2022 Handgelenk \/ Carpaltunnel<br>\u2022 Sportverletzungen<br>\u2022 u.a.<\/p>\n","protected":false},"excerpt":{"rendered":"<div class=\"slide-text-bg2\"><span>Die medikamentenfreie Behandlung von R\u00fccken- und Gelenkschmerzen erfolgt in meiner Praxis mit bew\u00e4hrten Methoden der westlichen und chinesischen Medizin <\/span><\/div>\n<div class=\"slide-btn-area-sm\"><a href=\"https:\/\/sonja-bagge.de\/?page_id=120\" class=\"slide-btn-sm\">weiterlesen<\/a><\/div>\n","protected":false},"author":1,"featured_media":0,"parent":8,"menu_order":20,"comment_status":"closed","ping_status":"closed","template":"","meta":{"footnotes":""},"class_list":["post-120","page","type-page","status-publish","hentry"],"_links":{"self":[{"href":"https:\/\/sonja-bagge.de\/index.php?rest_route=\/wp\/v2\/pages\/120","targetHints":{"allow":["GET"]}}],"collection":[{"href":"https:\/\/sonja-bagge.de\/index.php?rest_route=\/wp\/v2\/pages"}],"about":[{"href":"https:\/\/sonja-bagge.de\/index.php?rest_route=\/wp\/v2\/types\/page"}],"author":[{"embeddable":true,"href":"https:\/\/sonja-bagge.de\/index.php?rest_route=\/wp\/v2\/users\/1"}],"replies":[{"embeddable":true,"href":"https:\/\/sonja-bagge.de\/index.php?rest_route=%2Fwp%2Fv2%2Fcomments&post=120"}],"version-history":[{"count":18,"href":"https:\/\/sonja-bagge.de\/index.php?rest_route=\/wp\/v2\/pages\/120\/revisions"}],"predecessor-version":[{"id":455,"href":"https:\/\/sonja-bagge.de\/index.php?rest_route=\/wp\/v2\/pages\/120\/revisions\/455"}],"up":[{"embeddable":true,"href":"https:\/\/sonja-bagge.de\/index.php?rest_route=\/wp\/v2\/pages\/8"}],"wp:attachment":[{"href":"https:\/\/sonja-bagge.de\/index.php?rest_route=%2Fwp%2Fv2%2Fmedia&parent=120"}],"curies":[{"name":"wp","href":"https:\/\/api.w.org\/{rel}","templated":true}]}}