{"id":17,"date":"2014-02-10T19:35:46","date_gmt":"2014-02-10T19:35:46","guid":{"rendered":"http:\/\/sonja-bagge.de\/?page_id=17"},"modified":"2022-03-08T10:31:59","modified_gmt":"2022-03-08T10:31:59","slug":"uber-mich","status":"publish","type":"page","link":"https:\/\/sonja-bagge.de\/?page_id=17","title":{"rendered":"\u00dcber mich"},"content":{"rendered":"\n<div class=\"wp-block-group\"><div class=\"wp-block-group__inner-container is-layout-flow wp-block-group-is-layout-flow\">\n<p class=\"has-black-color has-text-color\"><strong>Meine Arbeit <\/strong><\/p>\n\n\n\n<div class=\"wp-block-image\"><figure class=\"alignleft size-medium\"><img loading=\"lazy\" decoding=\"async\" width=\"300\" height=\"200\" src=\"https:\/\/sonja-bagge.de\/wp-content\/uploads\/2014\/02\/sonja_MG_4111_small-1-300x200.jpg\" alt=\"\" class=\"wp-image-304\" title=\"Sonja Bagge\" srcset=\"https:\/\/sonja-bagge.de\/wp-content\/uploads\/2014\/02\/sonja_MG_4111_small-1-300x200.jpg 300w, https:\/\/sonja-bagge.de\/wp-content\/uploads\/2014\/02\/sonja_MG_4111_small-1-768x512.jpg 768w, https:\/\/sonja-bagge.de\/wp-content\/uploads\/2014\/02\/sonja_MG_4111_small-1-1024x683.jpg 1024w\" sizes=\"auto, (max-width: 300px) 100vw, 300px\" \/><figcaption>\n<span class=\"has-inline-color has-black-color \"><b>Heilpraktikerin Sonja Bagge<\/b><\/span>\n<\/figcaption><\/figure><\/div>\n\n\n\n<p class=\"has-black-color has-text-color\">In meiner Arbeit als Heilpraktikerin ist es mir wichtig, den Menschen in seiner Ganzheit zu erfassen und als Individuum zu begreifen.&nbsp; Nach einer ausf\u00fchrlichen Anamnese und der Anwendung diagnostischer Kriterien werde ich in Absprache mit Ihnen ein individuelles Behandlungskozept erstellen.<\/p>\n\n\n\n<p class=\"has-black-color has-text-color\"><strong>Meine Motivation<\/strong><\/p>\n\n\n\n<p class=\"has-black-color has-text-color\">Das individuelle Begleiten von Menschen und eine Behandlung, die den Kern der Krankheit ber\u00fchrt und so Heilung erm\u00f6glicht, sind mir ein Anliegen. Meine Arbeit als Heilpraktikerin ber\u00fchrt mich immer wieder aufs Neue: Menschen in ihrer Heilung zu begleiten ist eine herausfordernde und sehr befriedigende T\u00e4tigkeit f\u00fcr mich.<br>Wichtiger Bestandteil meines Lehrweges als Heilpraktikerin sind und waren nicht nur fachliche Fortbildungen, medizinisches Wissen und das Lernen der verschiedenen Heilmethoden, sondern auch eine intensive Auseinandersetzung mit meinem eigenen Wachstum und Heilungsweg.<br><br><br><\/p>\n\n\n\n<p class=\"has-black-color has-text-color\"><strong>Vita und Werdegang<\/strong><\/p>\n\n\n\n<figure class=\"wp-block-table is-style-stripes\"><table><tbody><tr><td>2014<\/td><td>eigene Vortr\u00e4ge, \u00f6ffentliche Veranstaltungen sowie Seminare zu Gesundheitsthemen, Pflanzenheilkunde und Traumatisierung<\/td><\/tr><tr><td>2014<\/td><td>Er\u00f6ffnung der Praxis f\u00fcr Naturheilkunde in Wittstock\/Dosse<\/td><\/tr><tr><td>2011<\/td><td>Praxis f\u00fcr Naturheilkunde in Berlin\/Neuk\u00f6lln<\/td><\/tr><tr><td>2010<\/td><td>Ausbildung zur Sterbeamme an der Sterbeammenakademie bei Claudia Cardinal\/Hamburg<\/td><\/tr><tr><td>2010\/2011<\/td><td>Praktika in verschiedenen Praxen f\u00fcr Naturheilkunde in Berlin<\/td><\/tr><tr><td>2010<\/td><td>Staatliche Pr\u00fcfung zur Heilpraktikerin in Berlin<\/td><\/tr><tr><td>2007\/2010\/2012<\/td><td>Geburten meiner Kinder<\/td><\/tr><tr><td>seit 2007<\/td><td>Fortbildungen zu Hom\u00f6opathie, Massagetechniken, Akupunkturtechniken, Pflanzenheilkunde, Augendiagnose, Medi-Taping, Schmerztherapie, psychologische Begleitung, inneres Bilderstellen, Aktivierung der Selbstheilungskr\u00e4fte, medizinische Hypnose,&nbsp; Unterst\u00fctzung bei Traumatisierung, Dunkelfeld-Mikroskopie<\/td><\/tr><tr><td>2007-2010<\/td><td>Ausbildung zur Heilpraktikerin an der Selbstverwalteten Heilpraktikschule in Berlin<\/td><\/tr><tr><td>2004-2007<\/td><td>Arbeit im sozialen Bereich<\/td><\/tr><tr><td>2006<\/td><td>Diplomabschluss Sozialp\u00e4dagogik (FH)<\/td><\/tr><tr><td>1999-2006<\/td><td>Studium an Berliner Universit\u00e4ten und Fachhochschulen<\/td><\/tr><\/tbody><\/table><\/figure>\n\n\n\n<p><style><!-- BODY,DIV,TABLE,THEAD,TBODY,TFOOT,TR,TH,TD,P { font-family:\"Arial\"; font-size:medium } --><\/style><\/p>\n<\/div><\/div>\n","protected":false},"excerpt":{"rendered":"<div class=\"slide-text-bg2\"><span>Meine Arbeit Heilpraktikerin Sonja Bagge In meiner Arbeit als Heilpraktikerin ist es mir wichtig, den Menschen in seiner Ganzheit zu erfassen und als Indiv<\/span><\/div>\n<div class=\"slide-btn-area-sm\"><a href=\"https:\/\/sonja-bagge.de\/?page_id=17\" class=\"slide-btn-sm\">weiterlesen<\/a><\/div>\n","protected":false},"author":1,"featured_media":0,"parent":0,"menu_order":20,"comment_status":"closed","ping_status":"closed","template":"","meta":{"footnotes":""},"class_list":["post-17","page","type-page","status-publish","hentry"],"_links":{"self":[{"href":"https:\/\/sonja-bagge.de\/index.php?rest_route=\/wp\/v2\/pages\/17","targetHints":{"allow":["GET"]}}],"collection":[{"href":"https:\/\/sonja-bagge.de\/index.php?rest_route=\/wp\/v2\/pages"}],"about":[{"href":"https:\/\/sonja-bagge.de\/index.php?rest_route=\/wp\/v2\/types\/page"}],"author":[{"embeddable":true,"href":"https:\/\/sonja-bagge.de\/index.php?rest_route=\/wp\/v2\/users\/1"}],"replies":[{"embeddable":true,"href":"https:\/\/sonja-bagge.de\/index.php?rest_route=%2Fwp%2Fv2%2Fcomments&post=17"}],"version-history":[{"count":37,"href":"https:\/\/sonja-bagge.de\/index.php?rest_route=\/wp\/v2\/pages\/17\/revisions"}],"predecessor-version":[{"id":627,"href":"https:\/\/sonja-bagge.de\/index.php?rest_route=\/wp\/v2\/pages\/17\/revisions\/627"}],"wp:attachment":[{"href":"https:\/\/sonja-bagge.de\/index.php?rest_route=%2Fwp%2Fv2%2Fmedia&parent=17"}],"curies":[{"name":"wp","href":"https:\/\/api.w.org\/{rel}","templated":true}]}}