{"id":499,"date":"2020-08-27T17:59:44","date_gmt":"2020-08-27T17:59:44","guid":{"rendered":"https:\/\/sonja-bagge.de\/?page_id=499"},"modified":"2023-03-20T07:38:40","modified_gmt":"2023-03-20T07:38:40","slug":"orthomolekularmedizin","status":"publish","type":"page","link":"https:\/\/sonja-bagge.de\/?page_id=499","title":{"rendered":"Orthomolekularmedizin"},"content":{"rendered":"\n<p>Den Grundstein f\u00fcr die orthomolekulare Medizin legte der Biochemiker und zweifache Nobelpreistr\u00e4ger Prof. Dr. Linus Pauling (1901-1994) 1968. Man kann den<br>Begriff orthomolekular verstehen als die Medizin der richtigen Molek\u00fcle bzw. N\u00e4hrstoffe.<\/p>\n\n\n\n<div class=\"wp-block-image\"><figure class=\"alignright size-full is-resized\"><a href=\"https:\/\/sonja-bagge.de\/wp-content\/uploads\/2022\/03\/mineralien_nachgebaut_neu_web.png\"><img loading=\"lazy\" decoding=\"async\" src=\"https:\/\/sonja-bagge.de\/wp-content\/uploads\/2022\/03\/mineralien_nachgebaut_neu_web.png\" alt=\"mineralien nachgebaut neu web\" class=\"wp-image-610\" width=\"344\" height=\"252\" srcset=\"https:\/\/sonja-bagge.de\/wp-content\/uploads\/2022\/03\/mineralien_nachgebaut_neu_web.png 551w, https:\/\/sonja-bagge.de\/wp-content\/uploads\/2022\/03\/mineralien_nachgebaut_neu_web-300x220.png 300w\" sizes=\"auto, (max-width: 344px) 100vw, 344px\" \/><\/a><\/figure><\/div>\n\n\n\n<p>Durch eine fehlerhafte Ern\u00e4hrung, einen stressbedingten Lebensstil, lange Krankheit und auch tiefgreifende psychische Probleme kann sich das gesunde Verh\u00e4ltnis der Mineralstoffe im K\u00f6rper verschieben.<\/p>\n\n\n\n<p>Diese Mangelzust\u00e4nde sind h\u00e4ufig der Boden, auf dem Krankheiten entstehen oder auch der Grund, warum bestimmte chronische Zust\u00e4nde oder Schmerzen nur sehr langsam heilen. \u00dcber all dies und mehr (z.B. die Schwermetallbelastung im K\u00f6rper) gibt u.a. eine Haarmineral-Analyse Auskunft.<\/p>\n\n\n\n<div class=\"wp-block-image\"><figure class=\"alignleft size-large is-resized\"><a href=\"https:\/\/sonja-bagge.de\/wp-content\/uploads\/2022\/03\/Orthomolekulare-Medizin.jpg\"><img loading=\"lazy\" decoding=\"async\" src=\"https:\/\/sonja-bagge.de\/wp-content\/uploads\/2022\/03\/Orthomolekulare-Medizin-1024x556.jpg\" alt=\"Orthomolekulare Medizin\" class=\"wp-image-611\" width=\"283\" height=\"154\" srcset=\"https:\/\/sonja-bagge.de\/wp-content\/uploads\/2022\/03\/Orthomolekulare-Medizin-1024x556.jpg 1024w, https:\/\/sonja-bagge.de\/wp-content\/uploads\/2022\/03\/Orthomolekulare-Medizin-300x163.jpg 300w, https:\/\/sonja-bagge.de\/wp-content\/uploads\/2022\/03\/Orthomolekulare-Medizin-768x417.jpg 768w, https:\/\/sonja-bagge.de\/wp-content\/uploads\/2022\/03\/Orthomolekulare-Medizin-1536x834.jpg 1536w, https:\/\/sonja-bagge.de\/wp-content\/uploads\/2022\/03\/Orthomolekulare-Medizin-2048x1112.jpg 2048w\" sizes=\"auto, (max-width: 283px) 100vw, 283px\" \/><\/a><figcaption><em>Nahrungserg\u00e4nzungmittel zum Ausgleich von Mangelzust\u00e4nden<\/em><\/figcaption><\/figure><\/div>\n\n\n\n<p>Die orthomolekulare Medizin richtet ihr Augenmerk sowohl auf die Behandlung von Krankheiten, als auch auf die Erhaltung der Gesundheit mit der individuell passenden Dosis der einzelnen N\u00e4hrstoffe.<br>Sie hat damit auch eine pr\u00e4ventive Ausrichtung und kann zur Vorbeugung von Krankheitsprozessen genutzt werden.<\/p>\n\n\n\n<p>Die orthomolekulare Medizin hat das Ziel, durch eine gezielte Nahrungserg\u00e4nzung und Anpassung der Ern\u00e4hrung, den K\u00f6rper mit ausreichenden Mengen an Vitalstoffen zu versorgen. Dabei geht es darum, die individuelle Stoffwechselsituation und damit den Bedarf des K\u00f6rpers an N\u00e4hrstoffen zu ber\u00fccksichtigen. Die orthomolekulare Medizin betrachtet den K\u00f6rper als Ganzes und setzt auf die nat\u00fcrlichen Heilkr\u00e4fte des Organismus. Sie kann bei unterschiedlichen Erkrankungen wie z.B. Herz-Kreislauf-Erkrankungen, Diabetes, Entz\u00fcndungen oder Stoffwechselst\u00f6rungen eingesetzt werden. Auch bei chronischen Schmerzzust\u00e4nden oder Burnout kann eine orthomolekulare Therapie unterst\u00fctzend wirken. In der orthomolekularen Medizin ist eine ganzheitliche Betrachtung des Menschen wichtig und es wird auch auf die Zusammenh\u00e4nge von K\u00f6rper, Geist und Seele geachtet.<\/p>\n\n\n\n<p>Ein weiterer Ansatzpunkt der orthomolekularen Medizin ist die Behandlung von chronischen Erkrankungen wie Diabetes, Arthritis oder Herz-Kreislauf-Erkrankungen. Hierbei geht es darum, gezielt N\u00e4hrstoffm\u00e4ngel auszugleichen, um den K\u00f6rper bei der Regeneration zu unterst\u00fctzen und den Krankheitsverlauf positiv zu beeinflussen. Auch bei psychischen Erkrankungen wie Depressionen oder Angstst\u00f6rungen kann die orthomolekulare Medizin eine wichtige Rolle spielen. Durch gezielte Zugabe von bestimmten N\u00e4hrstoffen kann das Gehirn besser mit Energie und Sauerstoff versorgt werden, was sich positiv auf die Stimmung und das Wohlbefinden auswirken kann.<\/p>\n\n\n\n<p>Es ist jedoch wichtig zu betonen, dass die orthomolekulare Medizin kein Allheilmittel ist und keinesfalls eine \u00e4rztliche Therapie ersetzen kann. Sie kann jedoch eine sinnvolle Erg\u00e4nzung zur schulmedizinischen Behandlung darstellen und bei vielen Beschwerden und Krankheiten zu einer schnelleren Genesung und einem verbesserten Wohlbefinden beitragen. <\/p>\n\n\n\n<p><\/p>\n","protected":false},"excerpt":{"rendered":"<div class=\"slide-text-bg2\"><span>Den Grundstein f\u00fcr die orthomolekulare Medizin legte der Biochemiker und zweifache Nobelpreistr\u00e4ger Prof. Dr. Linus Pauling (1901-1994) 1968. Man kann de<\/span><\/div>\n<div class=\"slide-btn-area-sm\"><a href=\"https:\/\/sonja-bagge.de\/?page_id=499\" class=\"slide-btn-sm\">weiterlesen<\/a><\/div>\n","protected":false},"author":1,"featured_media":0,"parent":8,"menu_order":50,"comment_status":"closed","ping_status":"closed","template":"","meta":{"footnotes":""},"class_list":["post-499","page","type-page","status-publish","hentry"],"_links":{"self":[{"href":"https:\/\/sonja-bagge.de\/index.php?rest_route=\/wp\/v2\/pages\/499","targetHints":{"allow":["GET"]}}],"collection":[{"href":"https:\/\/sonja-bagge.de\/index.php?rest_route=\/wp\/v2\/pages"}],"about":[{"href":"https:\/\/sonja-bagge.de\/index.php?rest_route=\/wp\/v2\/types\/page"}],"author":[{"embeddable":true,"href":"https:\/\/sonja-bagge.de\/index.php?rest_route=\/wp\/v2\/users\/1"}],"replies":[{"embeddable":true,"href":"https:\/\/sonja-bagge.de\/index.php?rest_route=%2Fwp%2Fv2%2Fcomments&post=499"}],"version-history":[{"count":3,"href":"https:\/\/sonja-bagge.de\/index.php?rest_route=\/wp\/v2\/pages\/499\/revisions"}],"predecessor-version":[{"id":648,"href":"https:\/\/sonja-bagge.de\/index.php?rest_route=\/wp\/v2\/pages\/499\/revisions\/648"}],"up":[{"embeddable":true,"href":"https:\/\/sonja-bagge.de\/index.php?rest_route=\/wp\/v2\/pages\/8"}],"wp:attachment":[{"href":"https:\/\/sonja-bagge.de\/index.php?rest_route=%2Fwp%2Fv2%2Fmedia&parent=499"}],"curies":[{"name":"wp","href":"https:\/\/api.w.org\/{rel}","templated":true}]}}