{"id":6,"date":"2014-02-10T19:12:28","date_gmt":"2014-02-10T19:12:28","guid":{"rendered":"http:\/\/sonja-bagge.de\/?page_id=6"},"modified":"2025-11-12T11:20:01","modified_gmt":"2025-11-12T11:20:01","slug":"willkommen","status":"publish","type":"page","link":"https:\/\/sonja-bagge.de\/","title":{"rendered":"Herzlich Willkommen!"},"content":{"rendered":"\n<div class=\"wp-block-image is-style-rounded\"><figure class=\"alignright size-medium is-resized\"><img loading=\"lazy\" decoding=\"async\" src=\"https:\/\/sonja-bagge.de\/wp-content\/uploads\/2020\/08\/gundelrebe09_gruen_MIT-WEISSEM-HG_gross-300x272.png\" alt=\"Logo der Praxis f\u00fcr Naturheilkunde\" class=\"wp-image-351\" width=\"233\" height=\"211\"\/><\/figure><\/div>\n\n\n\n<p><\/p>\n\n\n\n<p class=\"has-black-color has-text-color\"><\/p>\n\n\n\n<p class=\"has-black-color has-text-color\">Herzlich Willkommen in der Praxis f\u00fcr Naturheilkunde. <\/p>\n\n\n\n<p class=\"has-black-color has-text-color\">Mit den Informationen hier auf meiner Website m\u00f6chte ich Ihnen gerne einen ersten Eindruck \u00fcber meine Methoden und Arbeitsweisen vermitteln.<\/p>\n\n\n\n<p class=\"has-black-color has-text-color\">Ob alt oder jung, ob Sie unter einer akuten oder chronischen Krankheit leiden, Depressionen oder \u00c4ngste haben, unter Schmerzen leiden,  eine tiefgreifende Traumatisierung erlebt haben, oder mit den Folgen von chronischem Stress umzugehen haben:<\/p>\n\n\n\n<p class=\"has-black-color has-text-color\">Die Behandlungsm\u00f6glichkeiten in meiner Praxis sind breit gef\u00e4chert. <br><br>Ich helfe Ihnen mit Diagnose und Therapie u.a. bei<\/p>\n\n\n\n<p>\u2022 <a href=\"https:\/\/sonja-bagge.de\/?page_id=614\" data-type=\"page\" data-id=\"614\"><strong>Trauma und den Folgen von Traumatiserung<\/strong><\/a><\/p>\n\n\n\n<p>\u2022 <strong><a href=\"https:\/\/sonja-bagge.de\/?page_id=120\">akuten und chronischen Schmerzen im Bewegungsapparat<\/a><\/strong><\/p>\n\n\n\n<p>\u2022 <strong><a href=\"https:\/\/sonja-bagge.de\/?page_id=116\">akuten und chronischen Erkrankungen<\/a><\/strong><\/p>\n\n\n\n<p>\u2022 <strong><a href=\"https:\/\/sonja-bagge.de\/?page_id=382\">psychischen und psychosomatischen Beschwerden mit medizinischer Hypnose<\/a><\/strong><\/p>\n\n\n\n<p class=\"has-black-color has-text-color\">Finden Sie mehr \u00fcber mich und den ganzheitlichen Ansatz der Praxis f\u00fcr Naturheilkunde heraus, indem Sie auf die unterschiedlichen Men\u00fcpunkte klicken. Wenn Sie Fragen haben oder einen Termin vereinbaren wollen, rufen Sie mich an oder schreiben mir eine Mail.<br><\/p>\n\n\n\n<div class=\"wp-block-image\"><figure class=\"alignright size-full is-resized\"><a href=\"https:\/\/sonja-bagge.de\/wp-content\/uploads\/2025\/11\/gefoerdert.png\"><img loading=\"lazy\" decoding=\"async\" src=\"https:\/\/sonja-bagge.de\/wp-content\/uploads\/2025\/11\/gefoerdert.png\" alt=\"gefoerdert\" class=\"wp-image-696\" width=\"354\" height=\"418\" srcset=\"https:\/\/sonja-bagge.de\/wp-content\/uploads\/2025\/11\/gefoerdert.png 738w, https:\/\/sonja-bagge.de\/wp-content\/uploads\/2025\/11\/gefoerdert-254x300.png 254w\" sizes=\"auto, (max-width: 354px) 100vw, 354px\" \/><\/a><\/figure><\/div>\n\n\n\n<p><\/p>\n\n\n\n<p class=\"has-black-color has-text-color\"><strong>Die Praxis f\u00fcr Naturheilkunde wird im Rahmen einer Weiterbildung zum Coach f\u00fcr funktionelle Medizin gef\u00f6rdert aus Mitteln der Europ\u00e4ischen Union und des Landes Brandenburg. <\/strong><\/p>\n","protected":false},"excerpt":{"rendered":"<div class=\"slide-text-bg2\"><span>Herzlich Willkommen in der Praxis f\u00fcr Naturheilkunde. Mit den Informationen hier auf meiner Website m\u00f6chte ich Ihnen gerne einen ersten Eindruck \u00fcber me<\/span><\/div>\n<div class=\"slide-btn-area-sm\"><a href=\"https:\/\/sonja-bagge.de\/\" class=\"slide-btn-sm\">weiterlesen<\/a><\/div>\n","protected":false},"author":1,"featured_media":0,"parent":0,"menu_order":10,"comment_status":"closed","ping_status":"closed","template":"","meta":{"footnotes":""},"class_list":["post-6","page","type-page","status-publish","hentry"],"_links":{"self":[{"href":"https:\/\/sonja-bagge.de\/index.php?rest_route=\/wp\/v2\/pages\/6","targetHints":{"allow":["GET"]}}],"collection":[{"href":"https:\/\/sonja-bagge.de\/index.php?rest_route=\/wp\/v2\/pages"}],"about":[{"href":"https:\/\/sonja-bagge.de\/index.php?rest_route=\/wp\/v2\/types\/page"}],"author":[{"embeddable":true,"href":"https:\/\/sonja-bagge.de\/index.php?rest_route=\/wp\/v2\/users\/1"}],"replies":[{"embeddable":true,"href":"https:\/\/sonja-bagge.de\/index.php?rest_route=%2Fwp%2Fv2%2Fcomments&post=6"}],"version-history":[{"count":45,"href":"https:\/\/sonja-bagge.de\/index.php?rest_route=\/wp\/v2\/pages\/6\/revisions"}],"predecessor-version":[{"id":697,"href":"https:\/\/sonja-bagge.de\/index.php?rest_route=\/wp\/v2\/pages\/6\/revisions\/697"}],"wp:attachment":[{"href":"https:\/\/sonja-bagge.de\/index.php?rest_route=%2Fwp%2Fv2%2Fmedia&parent=6"}],"curies":[{"name":"wp","href":"https:\/\/api.w.org\/{rel}","templated":true}]}}