{"id":614,"date":"2022-03-08T09:48:31","date_gmt":"2022-03-08T09:48:31","guid":{"rendered":"https:\/\/sonja-bagge.de\/?page_id=614"},"modified":"2023-03-20T06:41:19","modified_gmt":"2023-03-20T06:41:19","slug":"traumabegleitung","status":"publish","type":"page","link":"https:\/\/sonja-bagge.de\/?page_id=614","title":{"rendered":"Traumabegleitung"},"content":{"rendered":"\n<div class=\"wp-block-image\"><figure class=\"alignright size-full is-resized\"><a href=\"https:\/\/sonja-bagge.de\/wp-content\/uploads\/2022\/03\/Iceberg1.jpg\"><img loading=\"lazy\" decoding=\"async\" src=\"https:\/\/sonja-bagge.de\/wp-content\/uploads\/2022\/03\/Iceberg1.jpg\" alt=\"Iceberg1\" class=\"wp-image-615\" width=\"241\" height=\"162\" srcset=\"https:\/\/sonja-bagge.de\/wp-content\/uploads\/2022\/03\/Iceberg1.jpg 703w, https:\/\/sonja-bagge.de\/wp-content\/uploads\/2022\/03\/Iceberg1-300x201.jpg 300w\" sizes=\"auto, (max-width: 241px) 100vw, 241px\" \/><\/a><\/figure><\/div>\n\n\n\n<p>Traumata und belastende Lebensereignisse k\u00f6nnen sich in vielen verschiedenen Symptomen und Beschwerden manifestieren. Viele Menschen leiden beispielsweise unter innerer Unruhe, Schlafst\u00f6rungen oder Konzentrationsschwierigkeiten. Andere wiederum k\u00e4mpfen mit k\u00f6rperlichen Beschwerden wie Schmerzen, Verspannungen, Verdauungsproblemen oder chronischen Entz\u00fcndungen. Die Folgen von Traumata und belastenden Lebensereignissen k\u00f6nnen auch zu ernsthaften Erkrankungen wie Autoimmunerkrankungen oder Krebs f\u00fchren.<\/p>\n\n\n\n<p>Die Auswirkungen von Traumata und belastenden Lebensereignissen k\u00f6nnen sich auch auf zwischenmenschliche Beziehungen auswirken, indem sie zu Problemen in der Partnerschaft oder im Berufsleben f\u00fchren. Es ist wichtig zu verstehen, dass die Auswirkungen von Traumata und belastenden Lebensereignissen individuell sehr unterschiedlich sein k\u00f6nnen und dass jeder Mensch auf seine eigene Weise damit umgeht.<\/p>\n\n\n\n<p>Als Heilpraktikerin ist es mir ein Anliegen, Betroffene auf ihrem Weg zu begleiten und ihnen zu helfen, wieder in ihre Mitte zu finden. Dabei nutze ich verschiedene Methoden, wie beispielsweise Gespr\u00e4chstherapie, K\u00f6rperarbeit oder Traumatherapie. Gemeinsam erarbeiten wir individuelle L\u00f6sungsans\u00e4tze und Strategien, um die Symptome zu lindern und eine nachhaltige Verbesserung der Lebensqualit\u00e4t zu erreichen.<\/p>\n\n\n\n<div class=\"wp-block-image\"><figure class=\"alignleft size-large is-resized\"><a href=\"https:\/\/sonja-bagge.de\/wp-content\/uploads\/2022\/03\/niagara-218591_1920.jpg\"><img loading=\"lazy\" decoding=\"async\" src=\"https:\/\/sonja-bagge.de\/wp-content\/uploads\/2022\/03\/niagara-218591_1920-1024x768.jpg\" alt=\"niagara 218591 1920\" class=\"wp-image-616\" width=\"258\" height=\"194\" srcset=\"https:\/\/sonja-bagge.de\/wp-content\/uploads\/2022\/03\/niagara-218591_1920-1024x768.jpg 1024w, https:\/\/sonja-bagge.de\/wp-content\/uploads\/2022\/03\/niagara-218591_1920-300x225.jpg 300w, https:\/\/sonja-bagge.de\/wp-content\/uploads\/2022\/03\/niagara-218591_1920-768x576.jpg 768w, https:\/\/sonja-bagge.de\/wp-content\/uploads\/2022\/03\/niagara-218591_1920-1536x1152.jpg 1536w, https:\/\/sonja-bagge.de\/wp-content\/uploads\/2022\/03\/niagara-218591_1920.jpg 1920w\" sizes=\"auto, (max-width: 258px) 100vw, 258px\" \/><\/a><\/figure><\/div>\n\n\n\n<p>Wenn Sie den Verdacht haben, dass Sie unter den Folgen eines Traumas oder eines belastenden Lebensereignisses leiden, z\u00f6gern Sie nicht, mich zu kontaktieren. Gerne stehe ich Ihnen mit Rat und Tat zur Seite und unterst\u00fctze Sie auf Ihrem Weg zu einem ges\u00fcnderen und erf\u00fcllten Leben.<\/p>\n\n\n\n<p><br><\/p>\n","protected":false},"excerpt":{"rendered":"<div class=\"slide-text-bg2\"><span>Traumata und belastende Lebensereignisse k\u00f6nnen sich in vielen verschiedenen Symptomen und Beschwerden manifestieren. Viele Menschen leiden beispielsweise<\/span><\/div>\n<div class=\"slide-btn-area-sm\"><a href=\"https:\/\/sonja-bagge.de\/?page_id=614\" class=\"slide-btn-sm\">weiterlesen<\/a><\/div>\n","protected":false},"author":1,"featured_media":0,"parent":8,"menu_order":6,"comment_status":"closed","ping_status":"closed","template":"","meta":{"footnotes":""},"class_list":["post-614","page","type-page","status-publish","hentry"],"_links":{"self":[{"href":"https:\/\/sonja-bagge.de\/index.php?rest_route=\/wp\/v2\/pages\/614","targetHints":{"allow":["GET"]}}],"collection":[{"href":"https:\/\/sonja-bagge.de\/index.php?rest_route=\/wp\/v2\/pages"}],"about":[{"href":"https:\/\/sonja-bagge.de\/index.php?rest_route=\/wp\/v2\/types\/page"}],"author":[{"embeddable":true,"href":"https:\/\/sonja-bagge.de\/index.php?rest_route=\/wp\/v2\/users\/1"}],"replies":[{"embeddable":true,"href":"https:\/\/sonja-bagge.de\/index.php?rest_route=%2Fwp%2Fv2%2Fcomments&post=614"}],"version-history":[{"count":2,"href":"https:\/\/sonja-bagge.de\/index.php?rest_route=\/wp\/v2\/pages\/614\/revisions"}],"predecessor-version":[{"id":632,"href":"https:\/\/sonja-bagge.de\/index.php?rest_route=\/wp\/v2\/pages\/614\/revisions\/632"}],"up":[{"embeddable":true,"href":"https:\/\/sonja-bagge.de\/index.php?rest_route=\/wp\/v2\/pages\/8"}],"wp:attachment":[{"href":"https:\/\/sonja-bagge.de\/index.php?rest_route=%2Fwp%2Fv2%2Fmedia&parent=614"}],"curies":[{"name":"wp","href":"https:\/\/api.w.org\/{rel}","templated":true}]}}