{"id":629,"date":"2023-03-20T06:30:07","date_gmt":"2023-03-20T06:30:07","guid":{"rendered":"https:\/\/sonja-bagge.de\/?page_id=629"},"modified":"2023-03-21T12:11:27","modified_gmt":"2023-03-21T12:11:27","slug":"dunkelfelddiagnostik","status":"publish","type":"page","link":"https:\/\/sonja-bagge.de\/?page_id=629","title":{"rendered":"Dunkelfelddiagnostik"},"content":{"rendered":"\n<p>Die Dunkelfelddiagnostik ist eine spezielle Form der Blutuntersuchung, die es erm\u00f6glicht, die Qualit\u00e4t und Vitalit\u00e4t der Blutbestandteile zu beurteilen. Anders als bei der konventionellen Blutuntersuchung, bei der das Blut im hellen Feld untersucht wird, wird bei der Dunkelfelddiagnostik das Blut im Dunkelfeld betrachtet. Dabei werden kleine Blutstropfen auf einen Objekttr\u00e4ger gegeben und unter einem speziellen Dunkelfeldmikroskop betrachtet.<\/p>\n\n\n\n<div class=\"wp-block-image\"><figure class=\"alignright size-large is-resized\"><img loading=\"lazy\" decoding=\"async\" src=\"https:\/\/sonja-bagge.de\/wp-content\/uploads\/2023\/03\/dunkelfeld.jpg\" alt=\"\" width=\"384\" height=\"287\"\/><figcaption><em>Dunkelfeld-Aufnahme von  Blutzellen <\/em><\/figcaption><\/figure><\/div>\n\n\n\n<p>Die Dunkelfelddiagnostik erm\u00f6glicht eine genaue Beurteilung des Zustands der roten und wei\u00dfen Blutk\u00f6rperchen, der Blutpl\u00e4ttchen, des Plasma- und Zellvolumens sowie des S\u00e4ure-Basen-Haushalts im Blut. Durch diese genaue Beurteilung k\u00f6nnen R\u00fcckschl\u00fcsse auf m\u00f6gliche gesundheitliche Probleme gezogen werden.<\/p>\n\n\n\n<p>Die Dunkelfelddiagnostik ist besonders hilfreich bei der Diagnose von chronischen Erkrankungen, wie zum Beispiel Rheuma, Allergien, chronischen Infektionen oder Verdauungsproblemen. Auch bei der Diagnose von Stoffwechselerkrankungen wie Diabetes kann die Dunkelfelddiagnostik wertvolle Hinweise liefern.<\/p>\n\n\n\n<p>Die Dunkelfelddiagnostik ist eine schmerzfreie und schonende Untersuchungsmethode, die auch f\u00fcr Kinder und \u00e4ltere Menschen geeignet ist. Die Ergebnisse der Dunkelfelddiagnostik k\u00f6nnen als Grundlage f\u00fcr eine individuelle naturheilkundliche Therapie dienen, die darauf abzielt, die Gesundheit und Vitalit\u00e4t des K\u00f6rpers auf nat\u00fcrliche Weise zu st\u00e4rken.<\/p>\n\n\n\n<p>Als Heilpraktikerin biete ich die Dunkelfelddiagnostik als Teil meiner naturheilkundlichen Praxis an. Gerne berate ich Sie pers\u00f6nlich und erstelle f\u00fcr Sie ein individuelles Therapiekonzept, das auf Ihre Bed\u00fcrfnisse und Beschwerden abgestimmt ist.<\/p>\n\n\n\n<p>Wenn Sie mehr \u00fcber die Dunkelfelddiagnostik und meine anderen naturheilkundlichen Methoden erfahren m\u00f6chten, kontaktieren Sie mich gerne \u00fcber meine Website oder rufen Sie mich an. Ich freue mich darauf, Ihnen zu helfen, Ihre Gesundheit zu verbessern!<\/p>\n\n\n","protected":false},"excerpt":{"rendered":"<div class=\"slide-text-bg2\"><span>Die Dunkelfelddiagnostik ist eine spezielle Form der Blutuntersuchung, die es erm\u00f6glicht, die Qualit\u00e4t und Vitalit\u00e4t der Blutbestandteile zu beurteilen.<\/span><\/div>\n<div class=\"slide-btn-area-sm\"><a href=\"https:\/\/sonja-bagge.de\/?page_id=629\" class=\"slide-btn-sm\">weiterlesen<\/a><\/div>\n","protected":false},"author":1,"featured_media":0,"parent":112,"menu_order":0,"comment_status":"closed","ping_status":"closed","template":"","meta":{"footnotes":""},"class_list":["post-629","page","type-page","status-publish","hentry"],"_links":{"self":[{"href":"https:\/\/sonja-bagge.de\/index.php?rest_route=\/wp\/v2\/pages\/629","targetHints":{"allow":["GET"]}}],"collection":[{"href":"https:\/\/sonja-bagge.de\/index.php?rest_route=\/wp\/v2\/pages"}],"about":[{"href":"https:\/\/sonja-bagge.de\/index.php?rest_route=\/wp\/v2\/types\/page"}],"author":[{"embeddable":true,"href":"https:\/\/sonja-bagge.de\/index.php?rest_route=\/wp\/v2\/users\/1"}],"replies":[{"embeddable":true,"href":"https:\/\/sonja-bagge.de\/index.php?rest_route=%2Fwp%2Fv2%2Fcomments&post=629"}],"version-history":[{"count":4,"href":"https:\/\/sonja-bagge.de\/index.php?rest_route=\/wp\/v2\/pages\/629\/revisions"}],"predecessor-version":[{"id":652,"href":"https:\/\/sonja-bagge.de\/index.php?rest_route=\/wp\/v2\/pages\/629\/revisions\/652"}],"up":[{"embeddable":true,"href":"https:\/\/sonja-bagge.de\/index.php?rest_route=\/wp\/v2\/pages\/112"}],"wp:attachment":[{"href":"https:\/\/sonja-bagge.de\/index.php?rest_route=%2Fwp%2Fv2%2Fmedia&parent=629"}],"curies":[{"name":"wp","href":"https:\/\/api.w.org\/{rel}","templated":true}]}}