{"id":654,"date":"2023-03-21T12:11:00","date_gmt":"2023-03-21T12:11:00","guid":{"rendered":"https:\/\/sonja-bagge.de\/?page_id=654"},"modified":"2023-03-21T12:11:15","modified_gmt":"2023-03-21T12:11:15","slug":"augendiagnose","status":"publish","type":"page","link":"https:\/\/sonja-bagge.de\/?page_id=654","title":{"rendered":"Augendiagnose"},"content":{"rendered":"\n<div class=\"wp-block-image is-style-rounded\"><figure class=\"alignright size-large is-resized\"><img loading=\"lazy\" decoding=\"async\" src=\"https:\/\/sonja-bagge.de\/wp-content\/uploads\/2020\/08\/II.-Sonja-2li-1024x1002.jpg\" alt=\"\" class=\"wp-image-344\" width=\"338\" height=\"333\"\/><figcaption>Bildnachweis (4-0)<\/figcaption><\/figure><\/div>\n\n\n\n<p>Bei der Augendiagnose (Iridologie) werden die Strukturen der Iris sowie der zugeh\u00f6rigen Reflexzonen am Auge analysiert, um Krankheiten zu erkennen. Es handelt sich um eine Hinweisdiagnostik, bei der R\u00fcckschl\u00fcsse auf die konstitutionelle Krankheitsneigung, manifeste Erkrankungen, m\u00f6gliche Organbefunde sowie den aktuellen Ern\u00e4hrungszustand des K\u00f6rpers gezogen werden k\u00f6nnen. Auch anlagebedingte, m\u00f6gliche Krankheitsneigungen sind durch Augendiagnose erkennbar.<br><\/p>\n","protected":false},"excerpt":{"rendered":"<div class=\"slide-text-bg2\"><span>Bei der Augendiagnose (Iridologie) werden die Strukturen der Iris sowie der zugeh\u00f6rigen Reflexzonen am Auge analysiert, um Krankheiten zu erkennen. Es han<\/span><\/div>\n<div class=\"slide-btn-area-sm\"><a href=\"https:\/\/sonja-bagge.de\/?page_id=654\" class=\"slide-btn-sm\">weiterlesen<\/a><\/div>\n","protected":false},"author":1,"featured_media":0,"parent":112,"menu_order":0,"comment_status":"closed","ping_status":"closed","template":"","meta":{"footnotes":""},"class_list":["post-654","page","type-page","status-publish","hentry"],"_links":{"self":[{"href":"https:\/\/sonja-bagge.de\/index.php?rest_route=\/wp\/v2\/pages\/654","targetHints":{"allow":["GET"]}}],"collection":[{"href":"https:\/\/sonja-bagge.de\/index.php?rest_route=\/wp\/v2\/pages"}],"about":[{"href":"https:\/\/sonja-bagge.de\/index.php?rest_route=\/wp\/v2\/types\/page"}],"author":[{"embeddable":true,"href":"https:\/\/sonja-bagge.de\/index.php?rest_route=\/wp\/v2\/users\/1"}],"replies":[{"embeddable":true,"href":"https:\/\/sonja-bagge.de\/index.php?rest_route=%2Fwp%2Fv2%2Fcomments&post=654"}],"version-history":[{"count":1,"href":"https:\/\/sonja-bagge.de\/index.php?rest_route=\/wp\/v2\/pages\/654\/revisions"}],"predecessor-version":[{"id":656,"href":"https:\/\/sonja-bagge.de\/index.php?rest_route=\/wp\/v2\/pages\/654\/revisions\/656"}],"up":[{"embeddable":true,"href":"https:\/\/sonja-bagge.de\/index.php?rest_route=\/wp\/v2\/pages\/112"}],"wp:attachment":[{"href":"https:\/\/sonja-bagge.de\/index.php?rest_route=%2Fwp%2Fv2%2Fmedia&parent=654"}],"curies":[{"name":"wp","href":"https:\/\/api.w.org\/{rel}","templated":true}]}}