{"id":668,"date":"2025-11-12T09:42:05","date_gmt":"2025-11-12T09:42:05","guid":{"rendered":"https:\/\/sonja-bagge.de\/?page_id=668"},"modified":"2025-11-12T10:14:15","modified_gmt":"2025-11-12T10:14:15","slug":"funktionelle-medizin","status":"publish","type":"page","link":"https:\/\/sonja-bagge.de\/?page_id=668","title":{"rendered":"Funktionelle Medizin"},"content":{"rendered":"\n<blockquote class=\"wp-block-quote is-layout-flow wp-block-quote-is-layout-flow\"><p><strong>\u201eBehandle den Menschen, nicht nur die Krankheit \u2013 und finde die Wurzel, nicht nur das Symptom.\u201c<\/strong><\/p><p><\/p><cite>\u2013 Robert Barring<\/cite><\/blockquote>\n\n\n\n<p>Die Funktionelle Medizin ist eine moderne, wissenschaftlich fundierte Form der Ganzheitsmedizin. Sie sucht nicht nur nach Symptomen, sondern nach den zugrunde liegenden Ursachen chronischer Erkrankungen. Im Zentrum steht dabei die Frage: <em>Warum ist ein Mensch aus dem Gleichgewicht geraten?<\/em><\/p>\n\n\n\n<div class=\"wp-block-image\"><figure class=\"alignright size-large is-resized\"><a href=\"https:\/\/sonja-bagge.de\/wp-content\/uploads\/2025\/11\/baum-der-funktionellen-Medizin.png\"><img loading=\"lazy\" decoding=\"async\" src=\"https:\/\/sonja-bagge.de\/wp-content\/uploads\/2025\/11\/baum-der-funktionellen-Medizin-809x1024.png\" alt=\"baum der funktionellen Medizin\" class=\"wp-image-682\" width=\"293\" height=\"371\" srcset=\"https:\/\/sonja-bagge.de\/wp-content\/uploads\/2025\/11\/baum-der-funktionellen-Medizin-809x1024.png 809w, https:\/\/sonja-bagge.de\/wp-content\/uploads\/2025\/11\/baum-der-funktionellen-Medizin-237x300.png 237w, https:\/\/sonja-bagge.de\/wp-content\/uploads\/2025\/11\/baum-der-funktionellen-Medizin-768x972.png 768w, https:\/\/sonja-bagge.de\/wp-content\/uploads\/2025\/11\/baum-der-funktionellen-Medizin-1213x1536.png 1213w, https:\/\/sonja-bagge.de\/wp-content\/uploads\/2025\/11\/baum-der-funktionellen-Medizin-1618x2048.png 1618w\" sizes=\"auto, (max-width: 293px) 100vw, 293px\" \/><\/a><\/figure><\/div>\n\n\n\n<p>In meiner Arbeit mit der Funktionellen Medizin \u2013 u.a. durch die Fortbildungen bei Dr. Robert Barring \u2013 nehme ich den Menschen in seiner Gesamtheit wahr: k\u00f6rperlich, biochemisch, emotional und im Zusammenspiel mit seiner Umwelt. Laboranalysen von Mikron\u00e4hrstoffen, Schwermetallen oder der Darmflora helfen, funktionelle Ungleichgewichte sichtbar zu machen \u2013 oft lange bevor eine Diagnose gestellt wird.<\/p>\n\n\n\n<p>So k\u00f6nnen Beschwerden wie chronische M\u00fcdigkeit, Infektanf\u00e4lligkeit, Ersch\u00f6pfungszust\u00e4nde, Hautprobleme oder Verdauungsst\u00f6rungen urs\u00e4chlich behandelt werden \u2013 statt nur oberfl\u00e4chlich. Ziel ist es, die Regulationsf\u00e4higkeit des K\u00f6rpers zu st\u00e4rken und die Selbstheilungskr\u00e4fte zu aktivieren.<\/p>\n\n\n\n<p>Die Funktionelle Medizin erg\u00e4nzt mein therapeutisches Repertoire um eine tiefgr\u00fcndige, ursachenorientierte Perspektive \u2013 mit dem Ziel echter und nachhaltiger Heilung.<\/p>\n","protected":false},"excerpt":{"rendered":"<div class=\"slide-text-bg2\"><span>\u201eBehandle den Menschen, nicht nur die Krankheit \u2013 und finde die Wurzel, nicht nur das Symptom.\u201c \u2013 Robert Barring Die Funktionelle Medizin ist eine <\/span><\/div>\n<div class=\"slide-btn-area-sm\"><a href=\"https:\/\/sonja-bagge.de\/?page_id=668\" class=\"slide-btn-sm\">weiterlesen<\/a><\/div>\n","protected":false},"author":1,"featured_media":0,"parent":8,"menu_order":10,"comment_status":"closed","ping_status":"closed","template":"","meta":{"footnotes":""},"class_list":["post-668","page","type-page","status-publish","hentry"],"_links":{"self":[{"href":"https:\/\/sonja-bagge.de\/index.php?rest_route=\/wp\/v2\/pages\/668","targetHints":{"allow":["GET"]}}],"collection":[{"href":"https:\/\/sonja-bagge.de\/index.php?rest_route=\/wp\/v2\/pages"}],"about":[{"href":"https:\/\/sonja-bagge.de\/index.php?rest_route=\/wp\/v2\/types\/page"}],"author":[{"embeddable":true,"href":"https:\/\/sonja-bagge.de\/index.php?rest_route=\/wp\/v2\/users\/1"}],"replies":[{"embeddable":true,"href":"https:\/\/sonja-bagge.de\/index.php?rest_route=%2Fwp%2Fv2%2Fcomments&post=668"}],"version-history":[{"count":5,"href":"https:\/\/sonja-bagge.de\/index.php?rest_route=\/wp\/v2\/pages\/668\/revisions"}],"predecessor-version":[{"id":683,"href":"https:\/\/sonja-bagge.de\/index.php?rest_route=\/wp\/v2\/pages\/668\/revisions\/683"}],"up":[{"embeddable":true,"href":"https:\/\/sonja-bagge.de\/index.php?rest_route=\/wp\/v2\/pages\/8"}],"wp:attachment":[{"href":"https:\/\/sonja-bagge.de\/index.php?rest_route=%2Fwp%2Fv2%2Fmedia&parent=668"}],"curies":[{"name":"wp","href":"https:\/\/api.w.org\/{rel}","templated":true}]}}