{"id":690,"date":"2025-11-12T10:46:58","date_gmt":"2025-11-12T10:46:58","guid":{"rendered":"https:\/\/sonja-bagge.de\/?page_id=690"},"modified":"2025-11-12T11:22:53","modified_gmt":"2025-11-12T11:22:53","slug":"integrative-medizin","status":"publish","type":"page","link":"https:\/\/sonja-bagge.de\/?page_id=690","title":{"rendered":"Integrative Medizin"},"content":{"rendered":"\n<h2 class=\"wp-block-heading\"><em>Ursachen erkennen \u2013 Gesundheit ganzheitlich st\u00e4rken<\/em><\/h2>\n\n\n\n<p>Die Integrative Medizin verbindet moderne naturheilkundliche Verfahren mit fundierter Diagnostik. Im Fokus steht die Wiederherstellung innerer Balance \u2013 durch eine ursachenorientierte, individuelle Therapie.<\/p>\n\n\n\n<p><\/p>\n\n\n\n<h3 class=\"wp-block-heading\">Funktionelle Medizin<\/h3>\n\n\n\n<p>Die Funktionelle Medizin sucht gezielt nach den Ursachen chronischer Beschwerden \u2013 auf biochemischer, struktureller und emotionaler Ebene. Ziel ist es, fr\u00fchzeitig funktionelle St\u00f6rungen zu erkennen und regulativ zu behandeln. <\/p>\n\n\n\n<p><a href=\"https:\/\/sonja-bagge.de\/?page_id=668\" data-type=\"page\" data-id=\"668\">Mehr zu Funktioneller Medizin<\/a><\/p>\n\n\n\n<p><\/p>\n\n\n\n<h3 class=\"wp-block-heading\">Orthomolekularmedizin<\/h3>\n\n\n\n<p>Mit der gezielten Gabe von Vitaminen, Mineralstoffen, Spurenelementen und Aminos\u00e4uren werden k\u00f6rpereigene Prozesse unterst\u00fctzt \u2013 individuell abgestimmt, wissenschaftlich fundiert und meist nebenwirkungsfrei.<br><a href=\"https:\/\/sonja-bagge.de\/?page_id=499\" data-type=\"page\" data-id=\"499\">Mehr zu Orthomolekularmedizin<\/a><\/p>\n\n\n\n<p><\/p>\n\n\n\n<h3 class=\"wp-block-heading\">Darmgesundheit &amp; Mikrobiom<\/h3>\n\n\n\n<p>Ein gesunder Darm ist zentral f\u00fcr das Immunsystem, die Entgiftung und das emotionale Wohlbefinden. Eine gezielte Analyse und naturheilkundliche Unterst\u00fctzung der Darmflora stehen hier im Mittelpunkt.<br><a href=\"https:\/\/sonja-bagge.de\/?page_id=691\" data-type=\"page\" data-id=\"691\">Mehr zur Darmgesundheit <\/a><\/p>\n\n\n\n<p><\/p>\n\n\n\n<h3 class=\"wp-block-heading\">Entgiftung &amp; Schwermetallausleitung<\/h3>\n\n\n\n<p>Chronische Belastungen durch Umweltgifte, Schwermetalle oder Stoffwechselr\u00fcckst\u00e4nde k\u00f6nnen viele Beschwerden verursachen. Die integrative Entgiftung kombiniert Diagnostik mit individuell abgestimmten Ausleitungsverfahren.<br>[Zur Entgiftungstherapie \u2192]\n","protected":false},"excerpt":{"rendered":"<div class=\"slide-text-bg2\"><span>Ursachen erkennen \u2013 Gesundheit ganzheitlich st\u00e4rken Die Integrative Medizin verbindet moderne naturheilkundliche Verfahren mit fundierter Diagnostik. Im<\/span><\/div>\n<div class=\"slide-btn-area-sm\"><a href=\"https:\/\/sonja-bagge.de\/?page_id=690\" class=\"slide-btn-sm\">weiterlesen<\/a><\/div>\n","protected":false},"author":1,"featured_media":0,"parent":8,"menu_order":0,"comment_status":"closed","ping_status":"closed","template":"","meta":{"footnotes":""},"class_list":["post-690","page","type-page","status-publish","hentry"],"_links":{"self":[{"href":"https:\/\/sonja-bagge.de\/index.php?rest_route=\/wp\/v2\/pages\/690","targetHints":{"allow":["GET"]}}],"collection":[{"href":"https:\/\/sonja-bagge.de\/index.php?rest_route=\/wp\/v2\/pages"}],"about":[{"href":"https:\/\/sonja-bagge.de\/index.php?rest_route=\/wp\/v2\/types\/page"}],"author":[{"embeddable":true,"href":"https:\/\/sonja-bagge.de\/index.php?rest_route=\/wp\/v2\/users\/1"}],"replies":[{"embeddable":true,"href":"https:\/\/sonja-bagge.de\/index.php?rest_route=%2Fwp%2Fv2%2Fcomments&post=690"}],"version-history":[{"count":1,"href":"https:\/\/sonja-bagge.de\/index.php?rest_route=\/wp\/v2\/pages\/690\/revisions"}],"predecessor-version":[{"id":694,"href":"https:\/\/sonja-bagge.de\/index.php?rest_route=\/wp\/v2\/pages\/690\/revisions\/694"}],"up":[{"embeddable":true,"href":"https:\/\/sonja-bagge.de\/index.php?rest_route=\/wp\/v2\/pages\/8"}],"wp:attachment":[{"href":"https:\/\/sonja-bagge.de\/index.php?rest_route=%2Fwp%2Fv2%2Fmedia&parent=690"}],"curies":[{"name":"wp","href":"https:\/\/api.w.org\/{rel}","templated":true}]}}