{"id":699,"date":"2025-11-12T11:28:31","date_gmt":"2025-11-12T11:28:31","guid":{"rendered":"https:\/\/sonja-bagge.de\/?page_id=699"},"modified":"2025-11-12T11:28:32","modified_gmt":"2025-11-12T11:28:32","slug":"therapieverfahren","status":"publish","type":"page","link":"https:\/\/sonja-bagge.de\/?page_id=699","title":{"rendered":"Therapieverfahren"},"content":{"rendered":"\n<h2 class=\"wp-block-heading\">Therapieverfahren<\/h2>\n\n\n\n<h2 class=\"wp-block-heading\"><em><strong>Individuell abgestimmt \u2013 ganzheitlich wirksam<\/strong><\/em><\/h2>\n\n\n\n<p>Jeder Mensch ist einzigartig \u2013 ebenso wie sein Weg zur Heilung. In meiner Praxis stehen daher verschiedene naturheilkundliche und integrative Verfahren zur Verf\u00fcgung, die individuell kombiniert werden k\u00f6nnen. Ziel ist es, K\u00f6rper, Geist und Emotionen wieder in Balance zu bringen.<\/p>\n\n\n\n<p>Ob akute Beschwerden oder chronische Prozesse \u2013 die Auswahl des passenden Therapieweges erfolgt auf Grundlage einer sorgf\u00e4ltigen Anamnese, Laboranalytik und Ihrer pers\u00f6nlichen Lebenssituation.<\/p>\n\n\n\n<hr class=\"wp-block-separator\"\/>\n\n\n\n<h3 class=\"wp-block-heading\">\u00dcberblick \u00fcber meine Therapieverfahren:<\/h3>\n\n\n\n<p><strong>Pflanzenheilkunde<\/strong><br>Sanfte und wirkungsvolle Unterst\u00fctzung mit bew\u00e4hrten Heilpflanzen <\/p>\n\n\n\n<p><a href=\"https:\/\/sonja-bagge.de\/?page_id=116\" data-type=\"page\" data-id=\"116\">Mehr zu Pflanzenheilkunde<\/a><\/p>\n\n\n\n<p><strong>Medizinische Hypnose<\/strong><br>Tiefenwirksame Methode zur Aktivierung innerer Ressourcen<\/p>\n\n\n\n<p><a href=\"https:\/\/sonja-bagge.de\/?page_id=382\" data-type=\"page\" data-id=\"382\">Mehr zu medizinischer Hypnose<\/a><\/p>\n\n\n\n<p><strong>Traumabegleitung<\/strong><br>Stabilisierende Begleitung bei emotionalen Verletzungen<\/p>\n\n\n\n<p><a href=\"https:\/\/sonja-bagge.de\/?page_id=614\" data-type=\"page\" data-id=\"614\">Mehr zu Traumabegleitung<\/a><\/p>\n\n\n\n<p><strong>Behandlung von Schmerzzust\u00e4nden<\/strong><br>Ganzheitliche Schmerztherapie bei chronischen und funktionellen Beschwerden<\/p>\n\n\n\n<p><a href=\"https:\/\/sonja-bagge.de\/?page_id=120\" data-type=\"page\" data-id=\"120\">Mehr zur Behandlung von Schmerzzust\u00e4nden<\/a><\/p>\n\n\n\n<p><\/p>\n","protected":false},"excerpt":{"rendered":"<div class=\"slide-text-bg2\"><span>Therapieverfahren Individuell abgestimmt \u2013 ganzheitlich wirksam Jeder Mensch ist einzigartig \u2013 ebenso wie sein Weg zur Heilung. In meiner Praxis stehen<\/span><\/div>\n<div class=\"slide-btn-area-sm\"><a href=\"https:\/\/sonja-bagge.de\/?page_id=699\" class=\"slide-btn-sm\">weiterlesen<\/a><\/div>\n","protected":false},"author":1,"featured_media":0,"parent":8,"menu_order":0,"comment_status":"closed","ping_status":"closed","template":"","meta":{"footnotes":""},"class_list":["post-699","page","type-page","status-publish","hentry"],"_links":{"self":[{"href":"https:\/\/sonja-bagge.de\/index.php?rest_route=\/wp\/v2\/pages\/699","targetHints":{"allow":["GET"]}}],"collection":[{"href":"https:\/\/sonja-bagge.de\/index.php?rest_route=\/wp\/v2\/pages"}],"about":[{"href":"https:\/\/sonja-bagge.de\/index.php?rest_route=\/wp\/v2\/types\/page"}],"author":[{"embeddable":true,"href":"https:\/\/sonja-bagge.de\/index.php?rest_route=\/wp\/v2\/users\/1"}],"replies":[{"embeddable":true,"href":"https:\/\/sonja-bagge.de\/index.php?rest_route=%2Fwp%2Fv2%2Fcomments&post=699"}],"version-history":[{"count":1,"href":"https:\/\/sonja-bagge.de\/index.php?rest_route=\/wp\/v2\/pages\/699\/revisions"}],"predecessor-version":[{"id":700,"href":"https:\/\/sonja-bagge.de\/index.php?rest_route=\/wp\/v2\/pages\/699\/revisions\/700"}],"up":[{"embeddable":true,"href":"https:\/\/sonja-bagge.de\/index.php?rest_route=\/wp\/v2\/pages\/8"}],"wp:attachment":[{"href":"https:\/\/sonja-bagge.de\/index.php?rest_route=%2Fwp%2Fv2%2Fmedia&parent=699"}],"curies":[{"name":"wp","href":"https:\/\/api.w.org\/{rel}","templated":true}]}}