{"id":707,"date":"2025-11-12T12:52:52","date_gmt":"2025-11-12T12:52:52","guid":{"rendered":"https:\/\/sonja-bagge.de\/?page_id=707"},"modified":"2025-11-12T12:52:53","modified_gmt":"2025-11-12T12:52:53","slug":"entgiftung-schwermetallausleitung","status":"publish","type":"page","link":"https:\/\/sonja-bagge.de\/?page_id=707","title":{"rendered":"Entgiftung &amp; Schwermetallausleitung"},"content":{"rendered":"\n<h2 class=\"wp-block-heading\"><em>Den K\u00f6rper entlasten \u2013 Vitalit\u00e4t zur\u00fcckgewinnen<\/em><\/h2>\n\n\n\n<p>Wir sind heute einer Vielzahl von Umweltbelastungen ausgesetzt \u2013 \u00fcber Luft, Wasser, Lebensmittel, Zahnmaterialien oder Kosmetik. Auch Stoffwechselr\u00fcckst\u00e4nde, Medikamente oder chronischer Stress k\u00f6nnen die k\u00f6rpereigene Entgiftungsf\u00e4higkeit \u00fcberfordern.<\/p>\n\n\n\n<p>Eine gezielte Entgiftung (Detoxifikation) hilft dabei, diese Belastungen zu reduzieren und die nat\u00fcrlichen Regulationsmechanismen zu st\u00e4rken.<\/p>\n\n\n\n<p><\/p>\n\n\n\n<h3 class=\"wp-block-heading\">Wichtige Aspekte der Entgiftung:<\/h3>\n\n\n\n<p><\/p>\n\n\n\n<p><strong>2. Leber, Niere und Darm unterst\u00fctzen<\/strong><br>Die wichtigsten Entgiftungsorgane brauchen passende Unterst\u00fctzung. Hier kommen gezielt ausgew\u00e4hlte Mikron\u00e4hrstoffe, pflanzliche Pr\u00e4parate und ausleitende Verfahren zum Einsatz \u2013 individuell abgestimmt.<\/p>\n\n\n\n<p><strong>3. Mikron\u00e4hrstoffe auff\u00fcllen<\/strong><br>Zink, Selen, Magnesium, Vitamin C oder Glutathion sind zentrale Bausteine in der k\u00f6rpereigenen Entgiftung. Ein Mangel kann die Ausleitung behindern und Beschwerden verst\u00e4rken. Daher ist eine begleitende Mikron\u00e4hrstofftherapie essenziell.<\/p>\n\n\n\n<p><strong>4. Darmbarriere sch\u00fctzen (\u201eLeaky Gut\u201c)<\/strong><br>Ein geschw\u00e4chter Darm kann durchl\u00e4ssig werden \u2013 Toxine und unverdaute Stoffe gelangen in den Blutkreislauf. Eine gesunde Darmflora ist daher ein wichtiger Bestandteil jeder Entgiftungstherapie.<\/p>\n\n\n\n<p><\/p>\n\n\n\n<h3 class=\"wp-block-heading\">In meiner Praxis<\/h3>\n\n\n\n<p>Ich arbeite mit bew\u00e4hrten naturheilkundlichen Protokollen, die schrittweise und schonend vorgehen \u2013 abgestimmt auf Ihre individuelle Belastungssituation, Vertr\u00e4glichkeit und Lebensrealit\u00e4t.<br>Die Basis ist stets eine gr\u00fcndliche Diagnostik (z.\u202fB. Mineralstoffanalyse, Laborwerte, Mikrobiomprofil).<\/p>\n\n\n\n<p>Entgiftung bedeutet nicht \u201eschnelles Ausleiten\u201c, sondern ein klug geplantes Vorgehen in Phasen:<\/p>\n\n\n\n<ul class=\"wp-block-list\"><li>Vorbereitung: Darm &amp; Leber stabilisieren<\/li><li>Mobilisierung: Toxine binden &amp; ausleiten<\/li><li>Regeneration: Mikron\u00e4hrstoffe auff\u00fcllen, Mitochondrien st\u00e4rken<\/li><\/ul>\n\n\n\n<p>Wenn Sie sich ersch\u00f6pft, belastet oder chronisch \u00fcberreizt f\u00fchlen, kann eine gezielte Entgiftung ein wertvoller Schritt sein. Gerne berate ich Sie pers\u00f6nlich.<\/p>\n","protected":false},"excerpt":{"rendered":"<div class=\"slide-text-bg2\"><span>Den K\u00f6rper entlasten \u2013 Vitalit\u00e4t zur\u00fcckgewinnen Wir sind heute einer Vielzahl von Umweltbelastungen ausgesetzt \u2013 \u00fcber Luft, Wasser, Lebensmittel, Z<\/span><\/div>\n<div class=\"slide-btn-area-sm\"><a href=\"https:\/\/sonja-bagge.de\/?page_id=707\" class=\"slide-btn-sm\">weiterlesen<\/a><\/div>\n","protected":false},"author":1,"featured_media":0,"parent":690,"menu_order":0,"comment_status":"closed","ping_status":"closed","template":"","meta":{"footnotes":""},"class_list":["post-707","page","type-page","status-publish","hentry"],"_links":{"self":[{"href":"https:\/\/sonja-bagge.de\/index.php?rest_route=\/wp\/v2\/pages\/707","targetHints":{"allow":["GET"]}}],"collection":[{"href":"https:\/\/sonja-bagge.de\/index.php?rest_route=\/wp\/v2\/pages"}],"about":[{"href":"https:\/\/sonja-bagge.de\/index.php?rest_route=\/wp\/v2\/types\/page"}],"author":[{"embeddable":true,"href":"https:\/\/sonja-bagge.de\/index.php?rest_route=\/wp\/v2\/users\/1"}],"replies":[{"embeddable":true,"href":"https:\/\/sonja-bagge.de\/index.php?rest_route=%2Fwp%2Fv2%2Fcomments&post=707"}],"version-history":[{"count":1,"href":"https:\/\/sonja-bagge.de\/index.php?rest_route=\/wp\/v2\/pages\/707\/revisions"}],"predecessor-version":[{"id":708,"href":"https:\/\/sonja-bagge.de\/index.php?rest_route=\/wp\/v2\/pages\/707\/revisions\/708"}],"up":[{"embeddable":true,"href":"https:\/\/sonja-bagge.de\/index.php?rest_route=\/wp\/v2\/pages\/690"}],"wp:attachment":[{"href":"https:\/\/sonja-bagge.de\/index.php?rest_route=%2Fwp%2Fv2%2Fmedia&parent=707"}],"curies":[{"name":"wp","href":"https:\/\/api.w.org\/{rel}","templated":true}]}}