{"id":709,"date":"2025-11-12T13:27:39","date_gmt":"2025-11-12T13:27:39","guid":{"rendered":"https:\/\/sonja-bagge.de\/?page_id=709"},"modified":"2025-11-12T14:04:19","modified_gmt":"2025-11-12T14:04:19","slug":"downloads","status":"publish","type":"page","link":"https:\/\/sonja-bagge.de\/?page_id=709","title":{"rendered":"Downloads"},"content":{"rendered":"\n<h2 class=\"wp-block-heading\"><em>Hilfreiche Unterlagen f\u00fcr Ihren Termin<\/em><\/h2>\n\n\n\n<p>Hier finden Sie wichtige Dokumente und Informationen zur Vorbereitung auf Ihren Termin in meiner Praxis. Durch das Ausf\u00fcllen und Mitbringen der Unterlagen helfen Sie mit, dass wir die gemeinsame Zeit optimal nutzen k\u00f6nnen.<\/p>\n\n\n\n<p><\/p>\n\n\n\n<h3 class=\"wp-block-heading\">Anamnesebogen<\/h3>\n\n\n\n<p>Damit ich mir ein umfassendes Bild Ihrer Gesundheit machen kann, bitte ich Sie, diesen Fragebogen vor dem ersten Termin auszuf\u00fcllen. Er bildet die Grundlage f\u00fcr ein ganzheitliches, ursachenorientiertes Behandlungskonzept.<\/p>\n\n\n\n<p><a href=\"https:\/\/sonja-bagge.de\/wp-content\/uploads\/2025\/11\/Anamnesebogen_Sonja_Bagge.docx\">Anamnesebogen<\/a>  (Word, zum ausf\u00fcllen\/ausdrucken)<\/p>\n\n\n\n<p><\/p>\n\n\n\n<h3 class=\"wp-block-heading\">Datenschutzerkl\u00e4rung &amp; Einwilligung<\/h3>\n\n\n\n<p>Im Rahmen Ihrer Behandlung erhebe ich pers\u00f6nliche Gesundheitsdaten. Diese Einwilligungserkl\u00e4rung informiert Sie dar\u00fcber, wie Ihre Daten verwendet, gespeichert und ggf. an Labore weitergegeben werden.<\/p>\n\n\n\n<p><a href=\"https:\/\/sonja-bagge.de\/wp-content\/uploads\/2025\/11\/einwilligungserklaerung.pdf\">Einwilligungserkl\u00e4rung<\/a> (PDF)<\/p>\n\n\n\n<p><\/p>\n\n\n\n<h3 class=\"wp-block-heading\">Hinweise zur Labordiagnostik<\/h3>\n\n\n\n<p>F\u00fcr bestimmte Laboruntersuchungen ist eine gute Vorbereitung wichtig \u2013 z.\u202fB. N\u00fcchternblutentnahme oder richtige Probenlagerung. In diesem Merkblatt finden Sie die wichtigsten Hinweise zur Blutabnahme, Haarmineralanalyse und Stuhluntersuchung.<\/p>\n\n\n\n<p><a href=\"https:\/\/sonja-bagge.de\/wp-content\/uploads\/2025\/11\/Hinweise-Labordiagnostik.pdf\">Hinweise Labordiagnostik<\/a> (PDF)<\/p>\n","protected":false},"excerpt":{"rendered":"<div class=\"slide-text-bg2\"><span>Hilfreiche Unterlagen f\u00fcr Ihren Termin Hier finden Sie wichtige Dokumente und Informationen zur Vorbereitung auf Ihren Termin in meiner Praxis. Durch das <\/span><\/div>\n<div class=\"slide-btn-area-sm\"><a href=\"https:\/\/sonja-bagge.de\/?page_id=709\" class=\"slide-btn-sm\">weiterlesen<\/a><\/div>\n","protected":false},"author":1,"featured_media":0,"parent":701,"menu_order":0,"comment_status":"closed","ping_status":"closed","template":"","meta":{"footnotes":""},"class_list":["post-709","page","type-page","status-publish","hentry"],"_links":{"self":[{"href":"https:\/\/sonja-bagge.de\/index.php?rest_route=\/wp\/v2\/pages\/709","targetHints":{"allow":["GET"]}}],"collection":[{"href":"https:\/\/sonja-bagge.de\/index.php?rest_route=\/wp\/v2\/pages"}],"about":[{"href":"https:\/\/sonja-bagge.de\/index.php?rest_route=\/wp\/v2\/types\/page"}],"author":[{"embeddable":true,"href":"https:\/\/sonja-bagge.de\/index.php?rest_route=\/wp\/v2\/users\/1"}],"replies":[{"embeddable":true,"href":"https:\/\/sonja-bagge.de\/index.php?rest_route=%2Fwp%2Fv2%2Fcomments&post=709"}],"version-history":[{"count":5,"href":"https:\/\/sonja-bagge.de\/index.php?rest_route=\/wp\/v2\/pages\/709\/revisions"}],"predecessor-version":[{"id":728,"href":"https:\/\/sonja-bagge.de\/index.php?rest_route=\/wp\/v2\/pages\/709\/revisions\/728"}],"up":[{"embeddable":true,"href":"https:\/\/sonja-bagge.de\/index.php?rest_route=\/wp\/v2\/pages\/701"}],"wp:attachment":[{"href":"https:\/\/sonja-bagge.de\/index.php?rest_route=%2Fwp%2Fv2%2Fmedia&parent=709"}],"curies":[{"name":"wp","href":"https:\/\/api.w.org\/{rel}","templated":true}]}}